{"id":7,"date":"2019-11-20T08:41:26","date_gmt":"2019-11-20T08:41:26","guid":{"rendered":"http:\/\/kampanjer.lekia.se\/?page_id=7"},"modified":"2019-11-20T09:15:14","modified_gmt":"2019-11-20T09:15:14","slug":"kampanjer","status":"publish","type":"page","link":"https:\/\/kampanjer.lekia.se\/?page_id=7","title":{"rendered":"Kampanjer"},"content":{"rendered":"\n<p>Du kanske \u00e4r konstn\u00e4r och vill presentera dig sj\u00e4lv och dina arbeten h\u00e4r, eller s\u00e5 kanske du \u00e4r ett f\u00f6retag som vill ber\u00e4tta om din vision.<\/p>\n","protected":false},"excerpt":{"rendered":"<p>Du kanske \u00e4r konstn\u00e4r och vill presentera dig sj\u00e4lv och dina arbeten h\u00e4r, eller s\u00e5 kanske du \u00e4r ett f\u00f6retag som vill ber\u00e4tta om din vision.<\/p>\n","protected":false},"author":1,"featured_media":0,"parent":0,"menu_order":0,"comment_status":"closed","ping_status":"closed","template":"","meta":{"_et_pb_use_builder":"","_et_pb_old_content":"","_et_gb_content_width":"","footnotes":""},"class_list":["post-7","page","type-page","status-publish","hentry"],"_links":{"self":[{"href":"https:\/\/kampanjer.lekia.se\/index.php?rest_route=\/wp\/v2\/pages\/7","targetHints":{"allow":["GET"]}}],"collection":[{"href":"https:\/\/kampanjer.lekia.se\/index.php?rest_route=\/wp\/v2\/pages"}],"about":[{"href":"https:\/\/kampanjer.lekia.se\/index.php?rest_route=\/wp\/v2\/types\/page"}],"author":[{"embeddable":true,"href":"https:\/\/kampanjer.lekia.se\/index.php?rest_route=\/wp\/v2\/users\/1"}],"replies":[{"embeddable":true,"href":"https:\/\/kampanjer.lekia.se\/index.php?rest_route=%2Fwp%2Fv2%2Fcomments&post=7"}],"version-history":[{"count":2,"href":"https:\/\/kampanjer.lekia.se\/index.php?rest_route=\/wp\/v2\/pages\/7\/revisions"}],"predecessor-version":[{"id":63,"href":"https:\/\/kampanjer.lekia.se\/index.php?rest_route=\/wp\/v2\/pages\/7\/revisions\/63"}],"wp:attachment":[{"href":"https:\/\/kampanjer.lekia.se\/index.php?rest_route=%2Fwp%2Fv2%2Fmedia&parent=7"}],"curies":[{"name":"wp","href":"https:\/\/api.w.org\/{rel}","templated":true}]}}